{"id":70,"date":"2015-12-07T13:27:05","date_gmt":"2015-12-07T13:27:05","guid":{"rendered":"http:\/\/interreg-croatia-serbia2014-2020.hdit.hr\/?page_id=70"},"modified":"2019-05-31T11:40:34","modified_gmt":"2019-05-31T09:40:34","slug":"programme-facts","status":"publish","type":"page","link":"https:\/\/interreg-croatia-serbia.eu\/2014\/about-programme\/programme-facts\/","title":{"rendered":"Programme facts"},"content":{"rendered":"<p>The Interreg IPA Cross-border Cooperation Programme Croatia-Serbia 2014-2020 is a new cooperation programme envisaged to be implemented during financial period 2014-2020. It represents continuation of successful cooperation between two countries established previous financial perspective.<\/p>\n<p>The overall objective of the Interreg IPA Cooperation Programme Croatia-Serbia 2014-2020 is to strengthen the social, economic and territorial development of the cross-border area through the implementation of joint projects and activities to be supported within four priority axes:<\/p>\n<p><i class=\"fa fa-circle\" style=\"color: #f9d766;\"><\/i> PA1 &#8211; Improving the quality of public social and health services in the programme area.<br \/>\n<i class=\"fa fa-circle\" style=\"color: #9ebd2e;\"><\/i> PA2 &#8211; Protecting the environment and biodiversity, improving risk prevention and promoting sustainable energy and energy efficiency.<br \/>\n<i class=\"fa fa-circle\" style=\"color: #009fec;\"><\/i> PA3 &#8211; Contributing to the development of tourism and preserving cultural and natural heritage.<br \/>\n<i class=\"fa fa-circle\" style=\"color: #b07f08;\"><\/i> PA4 &#8211; Enhancing competitiveness and developing business environment in the programme area.<\/p>\n<p>Within four priority axes, the Programme defines five specific objectives that indicate specific changes that the Interreg IPA CBC Programme Croatia-Serbia 2014-2020 anticipates to achieve through implementation of specific actions and realization of related outputs.<\/p>\n<p>In total, the programme area covers 9 NUTS III regions in the cross border territory between Croatia and Serbia. On the Croatian side, the programme area includes 4 counties on the north-east of Croatia: Osijek-Baranja, Vukovar-Srijem, Brod-Posavina and Po\u017eega-Slavonia counties, whereas on the Serbian side, the programme area covers 5 districts on north-west of Serbia: North Ba\u010dka, West Ba\u010dka, South Ba\u010dka, Srem and Ma\u010dva district.\u00a0Covering an area of over 25.505 km\u00b2\u00a0the Interreg IPA Cross-border Cooperation Programme Croatia-Serbia is home to about 2.3 million people.<\/p>\n<figure id=\"attachment_289\" aria-describedby=\"caption-attachment-289\" style=\"width: 676px\" class=\"wp-caption alignnone\"><img fetchpriority=\"high\" decoding=\"async\" class=\"wp-image-289 size-full\" src=\"https:\/\/interreg-croatia-serbia.eu\/2014\/wp-content\/uploads\/2015\/12\/eu-prekogranicna-hr-rs-zoom-01.png\" alt=\"\" width=\"686\" height=\"564\" srcset=\"https:\/\/interreg-croatia-serbia.eu\/2014\/wp-content\/uploads\/2015\/12\/eu-prekogranicna-hr-rs-zoom-01.png 686w, https:\/\/interreg-croatia-serbia.eu\/2014\/wp-content\/uploads\/2015\/12\/eu-prekogranicna-hr-rs-zoom-01-300x247.png 300w\" sizes=\"(max-width: 686px) 100vw, 686px\" \/><figcaption id=\"caption-attachment-289\" class=\"wp-caption-text\">This geographical representation of the territory covered by the Programme is without prejudice to the settlement of the dispute regarding the extension of the state border between the Republic of Serbia and the Republic of Croatia<\/figcaption><\/figure>\n<p>&nbsp;<\/p>\n<p>The overall programme EU budget is EUR 34,293,188. Detailed indicative total programme budget breakdown per Priority Axes is given in the table below:<\/p>\n<table class=\"pure-table pure-table-striped\">\n<thead>\n<tr>\n<th><strong>Priority axis<\/strong><\/th>\n<th><strong>Union support<\/strong><\/th>\n<th><strong>National counterpart<\/strong><\/th>\n<th><strong>Total funding<\/strong><\/th>\n<\/tr>\n<\/thead>\n<tbody>\n<tr>\n<td>PA 1<\/td>\n<td>\u00a0EUR 5,143,980<\/td>\n<td>\u00a0EUR 907,762<\/td>\n<td>\u00a0EUR 6,051,742<\/td>\n<\/tr>\n<tr>\n<td>PA2<\/td>\n<td>\u00a0EUR 12,002,616<\/td>\n<td>\u00a0EUR 2,118,109<\/td>\n<td>\u00a0EUR 14,120,725<\/td>\n<\/tr>\n<tr>\n<td>PA3<\/td>\n<td>\u00a0EUR 7,544,500<\/td>\n<td>\u00a0EUR 1,331,383<\/td>\n<td>\u00a0EUR 8,875,883<\/td>\n<\/tr>\n<tr>\n<td>PA4<\/td>\n<td>\u00a0EUR 6,172,774<\/td>\n<td>\u00a0EUR 1,089,314<\/td>\n<td>\u00a0EUR 7,262,088<\/td>\n<\/tr>\n<tr>\n<td>PA5<\/td>\n<td>\u00a0EUR 3,429,318<\/td>\n<td>\u00a0EUR 605,174<\/td>\n<td>\u00a0EUR 4,034,492<\/td>\n<\/tr>\n<tr>\n<td>TOTAL<\/td>\n<td>\u00a0EUR 34,293,188<\/td>\n<td>\u00a0EUR 6,051,742<\/td>\n<td>\u00a0EUR 40,344,930<\/td>\n<\/tr>\n<\/tbody>\n<\/table>\n<p>The Programme is managed by the Managing Authority \u2013 Ministry of Regional Development and EU Funds of the Republic of Croatia. The Managing Authority is supported by respective National Authorities, Ministry of Regional Development and EU Funds in Croatia and Ministry of European Integration in Serbia. Other Programme bodies that take part in the Programme management structure are Joint Monitoring Committee, the Programme body responsible for reviewing the effectiveness, quality and coherence of the implementation of all actions towards meeting the programme objectives; the Certifying Authority, the Programme body responsible for making payments to the Lead beneficiaries; Audit Authority, the Programme body responsible for carrying out system audit and audit of operations and Joint Secretariat, responsible for\u00a0 providing support to Managing Authority and Joint Monitoring Committee in carrying out their respective functions.<\/p>\n","protected":false},"excerpt":{"rendered":"<p>The Interreg IPA Cross-border Cooperation Programme Croatia-Serbia 2014-2020 is a new cooperation programme envisaged to be implemented during financial period 2014-2020. It represents continuation of successful cooperation between two countries &#8230; <a title=\"Programme facts\" class=\"read-more\" href=\"https:\/\/interreg-croatia-serbia.eu\/2014\/about-programme\/programme-facts\/\" aria-label=\"More on Programme facts\">Read more<\/a><\/p>\n","protected":false},"author":7,"featured_media":3642,"parent":2379,"menu_order":0,"comment_status":"closed","ping_status":"closed","template":"","meta":[],"_links":{"self":[{"href":"https:\/\/interreg-croatia-serbia.eu\/2014\/wp-json\/wp\/v2\/pages\/70"}],"collection":[{"href":"https:\/\/interreg-croatia-serbia.eu\/2014\/wp-json\/wp\/v2\/pages"}],"about":[{"href":"https:\/\/interreg-croatia-serbia.eu\/2014\/wp-json\/wp\/v2\/types\/page"}],"author":[{"embeddable":true,"href":"https:\/\/interreg-croatia-serbia.eu\/2014\/wp-json\/wp\/v2\/users\/7"}],"replies":[{"embeddable":true,"href":"https:\/\/interreg-croatia-serbia.eu\/2014\/wp-json\/wp\/v2\/comments?post=70"}],"version-history":[{"count":0,"href":"https:\/\/interreg-croatia-serbia.eu\/2014\/wp-json\/wp\/v2\/pages\/70\/revisions"}],"up":[{"embeddable":true,"href":"https:\/\/interreg-croatia-serbia.eu\/2014\/wp-json\/wp\/v2\/pages\/2379"}],"wp:featuredmedia":[{"embeddable":true,"href":"https:\/\/interreg-croatia-serbia.eu\/2014\/wp-json\/wp\/v2\/media\/3642"}],"wp:attachment":[{"href":"https:\/\/interreg-croatia-serbia.eu\/2014\/wp-json\/wp\/v2\/media?parent=70"}],"curies":[{"name":"wp","href":"https:\/\/api.w.org\/{rel}","templated":true}]}}