{"id":68,"date":"2015-12-07T13:26:42","date_gmt":"2015-12-07T13:26:42","guid":{"rendered":"http:\/\/interreg-croatia-serbia2014-2020.hdit.hr\/?page_id=68"},"modified":"2025-04-03T10:23:17","modified_gmt":"2025-04-03T08:23:17","slug":"contacts","status":"publish","type":"page","link":"https:\/\/interreg-croatia-serbia.eu\/2014\/contacts\/","title":{"rendered":"Contacts"},"content":{"rendered":"\t\t<div data-elementor-type=\"wp-page\" data-elementor-id=\"68\" class=\"elementor elementor-68\">\n\t\t\t\t<div class=\"elementor-element elementor-element-6b94b204 e-flex e-con-boxed e-con e-parent\" data-id=\"6b94b204\" data-element_type=\"container\">\n\t\t\t\t\t<div class=\"e-con-inner\">\n\t\t\t\t<div class=\"elementor-element elementor-element-69846c1a elementor-widget elementor-widget-text-editor\" data-id=\"69846c1a\" data-element_type=\"widget\" data-widget_type=\"text-editor.default\">\n\t\t\t\t<div class=\"elementor-widget-container\">\n\t\t\t<style>\/*! elementor - v3.23.0 - 05-08-2024 *\/\n.elementor-widget-text-editor.elementor-drop-cap-view-stacked .elementor-drop-cap{background-color:#69727d;color:#fff}.elementor-widget-text-editor.elementor-drop-cap-view-framed .elementor-drop-cap{color:#69727d;border:3px solid;background-color:transparent}.elementor-widget-text-editor:not(.elementor-drop-cap-view-default) .elementor-drop-cap{margin-top:8px}.elementor-widget-text-editor:not(.elementor-drop-cap-view-default) .elementor-drop-cap-letter{width:1em;height:1em}.elementor-widget-text-editor .elementor-drop-cap{float:left;text-align:center;line-height:1;font-size:50px}.elementor-widget-text-editor .elementor-drop-cap-letter{display:inline-block}<\/style>\t\t\t\t<p><!-- wp:heading {\"level\":3} --><\/p>\n<h3 class=\"wp-block-heading\"><strong>Programme contacts:<\/strong><\/h3>\n<p><!-- \/wp:heading --><\/p>\n<p><!-- wp:paragraph --><\/p>\n<p><strong>Managing Authority<\/strong><br \/><strong>Ministry of Regional Development and EU funds of the Republic of Croatia<\/strong><br \/>Miramarska cesta 22, 10000 Zagreb, Croatia<br \/>Email: <a href=\"mailto:ma@interreg-croatia-serbia.eu\">ma@interreg-croatia-serbia.eu<\/a><\/p>\n<p><!-- \/wp:paragraph --><\/p>\n<p><!-- wp:paragraph --><\/p>\n<p><strong>Joint Secretariat<\/strong><br \/><strong>Ministry of Regional Development and EU funds of the Republic of Croatia<\/strong><br \/>Miramarska cesta 22, 10000 Zagreb, Croatia<br \/>Email: <a href=\"mailto:js@interreg-croatia-serbia.eu\">js@interreg-croatia-serbia.eu<\/a><\/p>\n<p><!-- \/wp:paragraph --><\/p>\n<p><!-- wp:paragraph --><\/p>\n<p><strong>Irregularities and fraud<\/strong><br \/>For reporting on irregularities and fraud, please contact:<br \/>Email: <a href=\"mailto:irregularities_fraud@interreg-croatia-serbia.eu\">irregularities_fraud@interreg-croatia-serbia.eu<br \/><\/a>Email: <a href=\"mailto:nepravilnosti.eu@mfin.hr\">nepravilnosti.eu@mfin.hr<br \/><\/a>Email: <a href=\"mailto:OLAF-FMB-SPE@ec.europa.eu\">OLAF-FMB-SPE@ec.europa.eu<\/a><\/p>\n<p><!-- \/wp:paragraph --><\/p>\n<p><!-- wp:paragraph --><\/p>\n<p><strong>electronic Monitoring System (eMS)<\/strong><br \/>Email: <a href=\"mailto:ma.ems@interreg-croatia-serbia.eu\">ma.ems@interreg-croatia-serbia.eu<\/a><\/p>\n<p><!-- \/wp:paragraph --><\/p>\n<p><!-- wp:spacer {\"height\":\"30px\"} --><\/p>\n<div class=\"wp-block-spacer\" style=\"height: 30px;\" aria-hidden=\"true\">\u00a0<\/div>\n<p><!-- \/wp:spacer --><\/p>\n<p><!-- wp:heading {\"level\":3} --><\/p>\n<h3 class=\"wp-block-heading\"><strong>Managing Authority<\/strong><\/h3>\n<p><!-- \/wp:heading --><\/p>\n<p><!-- wp:paragraph --><\/p>\n<p><strong>Head of Sector, Marko Peri\u0107<\/strong><br \/>Email:\u00a0<a href=\"mailto:marko.peric@mrrfeu.hr\">marko.peric@mrrfeu.hr<br \/><\/a>Email:\u00a0<a href=\"mailto:ma@interreg-croatia-serbia.eu\">ma@interreg-croatia-serbia.eu<\/a><\/p>\n<p><!-- \/wp:paragraph --><\/p>\n<p><!-- wp:paragraph --><\/p>\n<p><strong><strong>Head of Service for implementation, monitoring and evaluation of cooperation programmes, Marina \u0160kunca<\/strong><\/strong><br \/>Email:\u00a0<a href=\"mailto:marina.skunca@mrrfeu.hr\">marina.skunca@mrrfeu.hr<br \/><\/a>Email:\u00a0<a href=\"mailto:ma-interreg-ipa@mrrfeu.hr\">ma-interreg-ipa@mrrfeu.hr<\/a><\/p>\n<p><!-- \/wp:paragraph --><\/p>\n<p><!-- wp:paragraph --><\/p>\n<p><strong>Head of Department for coordination of implementation of cooperation programmes, \u0110ana Petra\u010dija<\/strong><br \/>Tel: +385 (0)1 64 71 254<br \/>Email: <a href=\"mailto:dana.petracija@mrrfeu.hr\">dana.petracija@mrrfeu.hr<\/a><\/p>\n<p><!-- \/wp:paragraph --><\/p>\n<p><!-- wp:paragraph --><\/p>\n<p><strong>Programme Manager, Petra Laus<\/strong><br \/>Tel: +385 (0)1 64 00 672<br \/>Email: <a href=\"mailto:petra.laus@mrrfeu.hr\">petra.laus@mrrfeu.hr<\/a><\/p>\n<p><!-- \/wp:paragraph --><\/p>\n<p><!-- wp:paragraph --><\/p>\n<p><strong style=\"text-align: var(--text-align);\">Head of Department for horizontal affairs, Jelena Glazer<\/strong><br \/>Tel: +385 (0)1 64 68 943<br \/>Email:\u00a0<a href=\"mailto:jelena.plavetic@mrrfeu.hr\">jelena.plavetic@mrrfeu.hr<\/a><\/p>\n<p><!-- \/wp:paragraph --><\/p>\n<p><!-- wp:paragraph --><\/p>\n<p><strong>Monitoring, Evaluation and Reporting Officer, Danijela Merkler<\/strong><br \/>Tel: +385 (0)1 64 68 953<br \/>Email: <a href=\"mailto:danijela.merkler@mrrfeu.hr\">danijela.merkler@mrrfeu.hr<\/a><\/p>\n<p><!-- \/wp:paragraph --><\/p>\n<p><!-- wp:paragraph --><\/p>\n<p><strong>eMS Manager, Maja Peteki\u0107<\/strong><br \/>Tel: +385 (0)1 64 68 957<br \/>Email: <a href=\"mailto:maja.petekic@mrrfeu.hr\">maja.petekic@mrrfeu.hr<br \/><\/a>Email: <a href=\"mailto:ma.ems@interreg-croatia-serbia.eu\">ma.ems@interreg-croatia-serbia.eu<\/a><\/p>\n<p><!-- \/wp:paragraph --><\/p>\n<p><!-- wp:paragraph --><\/p>\n<p><strong>Communication Officer<\/strong><br \/>Email: <a href=\"mailto:ma@interreg-croatia-serbia.eu\">ma@interreg-croatia-serbia.eu<\/a><\/p>\n<p><!-- \/wp:paragraph --><\/p>\n<p><!-- wp:spacer {\"height\":\"30px\"} --><\/p>\n<div class=\"wp-block-spacer\" style=\"height: 30px;\" aria-hidden=\"true\">\u00a0<\/div>\n<p><!-- \/wp:spacer --><\/p>\n<p><!-- wp:heading {\"level\":3} --><\/p>\n<h3 class=\"wp-block-heading\"><strong>Joint Secretariat<\/strong><\/h3>\n<p><!-- \/wp:heading --><\/p>\n<p><!-- wp:paragraph --><\/p>\n<p><strong><strong>Head of Service,<\/strong> Davor Sko\u010dibu\u0161i\u0107<\/strong><br \/>Tel: +385 (0)1 6447 607<br \/>Email: <a href=\"mailto:davor.skocibusic@mrrfeu.hr\">davor.skocibusic@mrrfeu.hr<\/a><\/p>\n<p><!-- \/wp:paragraph --><\/p>\n<p><!-- wp:paragraph --><\/p>\n<p><strong>Project Manager, Dijana Zovko<\/strong><br \/>Tel: +385 (0)1 6446 751<br \/>Email: <a href=\"mailto:dijana.zovko@mrrfeu.hr\">dijana.zovko@mrrfeu.hr<\/a><\/p>\n<p><!-- \/wp:paragraph --><\/p>\n<p><!-- wp:paragraph --><\/p>\n<p><strong>Project Manager, Josipa Grgas I\u0107itovi\u0107<\/strong><br \/>Tel: +385 (0)1 6470 531<br \/>Email: <a href=\"mailto:josipa.grgasicitovic@mrrfeu.hr\">josipa.grgasicitovic@mrrfeu.hr<\/a><\/p>\n<p><strong>Project Manager, Josipa Relota Kezeri\u0107<\/strong><br \/>Tel: +385 (0)1 64 47 610<br \/>Email: <a href=\"mailto:josipa.relotakezeric@mrrfeu.hr\">josipa.relotakezeric@mrrfeu.hr<\/a><\/p>\n<p><!-- \/wp:paragraph --><\/p>\n<p><!-- wp:paragraph --><\/p>\n<p><strong>Joint Secretariat Branch Office in Serbia<\/strong><br \/>Solarski trg 3, 22000 Sremska Mitrovica<br \/><strong>Project Manager, Darko Cveji\u0107<\/strong><br \/>Tel: +381 (0)22 617 835<br \/>Email: <a href=\"mailto:cvejic@interreg-croatia-serbia.eu\">cvejic@interreg-croatia-serbia.eu<\/a><\/p>\n<p><!-- \/wp:paragraph --><\/p>\t\t\t\t\t\t<\/div>\n\t\t\t\t<\/div>\n\t\t\t\t\t<\/div>\n\t\t\t\t<\/div>\n\t\t\t\t<\/div>\n\t\t","protected":false},"excerpt":{"rendered":"<p>Programme contacts: Managing AuthorityMinistry of Regional Development and EU funds of the Republic of CroatiaMiramarska cesta 22, 10000 Zagreb, CroatiaEmail: ma@interreg-croatia-serbia.eu Joint SecretariatMinistry of Regional Development and EU funds of &#8230; <a title=\"Contacts\" class=\"read-more\" href=\"https:\/\/interreg-croatia-serbia.eu\/2014\/contacts\/\" aria-label=\"More on Contacts\">Read more<\/a><\/p>\n","protected":false},"author":7,"featured_media":3642,"parent":0,"menu_order":0,"comment_status":"closed","ping_status":"closed","template":"","meta":[],"_links":{"self":[{"href":"https:\/\/interreg-croatia-serbia.eu\/2014\/wp-json\/wp\/v2\/pages\/68"}],"collection":[{"href":"https:\/\/interreg-croatia-serbia.eu\/2014\/wp-json\/wp\/v2\/pages"}],"about":[{"href":"https:\/\/interreg-croatia-serbia.eu\/2014\/wp-json\/wp\/v2\/types\/page"}],"author":[{"embeddable":true,"href":"https:\/\/interreg-croatia-serbia.eu\/2014\/wp-json\/wp\/v2\/users\/7"}],"replies":[{"embeddable":true,"href":"https:\/\/interreg-croatia-serbia.eu\/2014\/wp-json\/wp\/v2\/comments?post=68"}],"version-history":[{"count":17,"href":"https:\/\/interreg-croatia-serbia.eu\/2014\/wp-json\/wp\/v2\/pages\/68\/revisions"}],"predecessor-version":[{"id":6273,"href":"https:\/\/interreg-croatia-serbia.eu\/2014\/wp-json\/wp\/v2\/pages\/68\/revisions\/6273"}],"wp:featuredmedia":[{"embeddable":true,"href":"https:\/\/interreg-croatia-serbia.eu\/2014\/wp-json\/wp\/v2\/media\/3642"}],"wp:attachment":[{"href":"https:\/\/interreg-croatia-serbia.eu\/2014\/wp-json\/wp\/v2\/media?parent=68"}],"curies":[{"name":"wp","href":"https:\/\/api.w.org\/{rel}","templated":true}]}}